{"id":73,"date":"2024-01-23T16:11:33","date_gmt":"2024-01-23T15:11:33","guid":{"rendered":"https:\/\/www.senseearth.live\/?page_id=73"},"modified":"2026-01-28T17:39:28","modified_gmt":"2026-01-28T16:39:28","slug":"about-earth-spirit-connection","status":"publish","type":"page","link":"https:\/\/www.senseearth.live\/en\/about-earth-spirit-connection\/","title":{"rendered":"About"},"content":{"rendered":"\n<div class=\"wp-block-group alignfull has-text-color has-background has-link-color wp-elements-89ec7743f3ecbf211ca3cf546d4dd509 has-global-padding is-layout-constrained wp-container-core-group-layout-3 wp-block-group-is-layout-constrained\" style=\"color:#180802;background-color:#dfcba4;padding-top:0;padding-right:0;padding-bottom:0;padding-left:0\">\n<div class=\"wp-block-group alignfull has-background has-global-padding is-layout-constrained wp-block-group-is-layout-constrained\" style=\"background:linear-gradient(180deg,rgb(24,8,2) 0%,rgb(90,79,64) 100%)\">\n<div style=\"height:110px\" aria-hidden=\"true\" class=\"wp-block-spacer\"><\/div>\n<\/div>\n\n\n\n<div style=\"height:34px\" aria-hidden=\"true\" class=\"wp-block-spacer\"><\/div>\n\n\n\n<div class=\"wp-block-columns are-vertically-aligned-top is-layout-flex wp-container-core-columns-layout-1 wp-block-columns-is-layout-flex\" style=\"border-style:none;border-width:0px;border-radius:16px;margin-top:0;margin-bottom:0;padding-top:0;padding-bottom:0\">\n<div class=\"wp-block-column is-vertically-aligned-top is-layout-flow wp-container-core-column-layout-1 wp-block-column-is-layout-flow\">\n<div style=\"height:35px\" aria-hidden=\"true\" class=\"wp-block-spacer\"><\/div>\n\n\n\n<h4 class=\"wp-block-heading has-text-align-center has-text-color has-link-color has-large-font-size wp-elements-8f1f277233f640d4fd87025fdc19fc75\" style=\"color:#180802;text-transform:uppercase\">ABOUT ME<\/h4>\n\n\n\n<div style=\"height:20px\" aria-hidden=\"true\" class=\"wp-block-spacer\"><\/div>\n\n\n\n<hr class=\"wp-block-separator has-text-color has-alpha-channel-opacity has-background\" style=\"background-color:#180802;color:#180802\"\/>\n\n\n\n<p><\/p>\n\n\n\n<p class=\"has-text-align-left has-text-color has-background has-link-color has-medium-font-size wp-elements-1fe2492d4379389dd9f87a308a813778\" style=\"color:#180802;background-color:#dfcba4;line-height:1.6\">My name is Tom\u00e1\u0161 Bu\u017eek and for more than 20 years I have lived in tight connection with the nature. The land where I have lived (on top of a hill in slovakian mountains) has been one of my greatest teachers. Over the years it has been slowly revealing its secrets to me, layer after layer and just as my consciousness was evolving and maturing, so was the depth of our connection. And with time I have learned to distinguish different qualities inherently present in the landscape: energetic lines, vortexes, focal points of different elementary beings, different layers of this Earth realm. <\/p>\n<\/div>\n\n\n\n<div class=\"wp-block-column is-vertically-aligned-top is-layout-flow wp-block-column-is-layout-flow\" style=\"border-style:none;border-width:0px\">\n<div style=\"height:34px\" aria-hidden=\"true\" class=\"wp-block-spacer\"><\/div>\n\n\n<div id=\"metaslider-id-1645\" style=\"max-width: 700px; margin: 0 auto;\" class=\"ml-slider-3-108-0 metaslider metaslider-flex metaslider-1645 ml-slider ms-theme-default nav-hidden\" role=\"region\" aria-label=\"about me\" data-height=\"700\" data-width=\"700\">\n    <div id=\"metaslider_container_1645\">\n        <div id=\"temp_metaslider_1645\" class=\"flexslider\"><ul class='slides'><\/ul><\/div><div id=\"metaslider_1645\">\n            <ul class='slides'>\n                <li style=\"display: none; width: 100%;\" class=\"slide-1651 ms-image hidden_laptop hidden_desktop \" aria-roledescription=\"slide\" data-date=\"2024-10-01 21:35:06\" data-filename=\"23_9056_vyska.jpg\" data-slide-type=\"image\"><img loading=\"lazy\" decoding=\"async\" width=\"1008\" height=\"1346\" src=\"https:\/\/www.senseearth.live\/wp-content\/uploads\/2024\/10\/23_9056_vyska.jpg\" class=\"slider-1645 slide-1651 msDefaultImage\" alt=\"\" rel=\"\" title=\"\" srcset=\"https:\/\/www.senseearth.live\/wp-content\/uploads\/2024\/10\/23_9056_vyska.jpg 1008w, https:\/\/www.senseearth.live\/wp-content\/uploads\/2024\/10\/23_9056_vyska-225x300.jpg 225w, https:\/\/www.senseearth.live\/wp-content\/uploads\/2024\/10\/23_9056_vyska-767x1024.jpg 767w, https:\/\/www.senseearth.live\/wp-content\/uploads\/2024\/10\/23_9056_vyska-9x12.jpg 9w\" sizes=\"100vw\" \/><\/li>\n                <li style=\"display: none; width: 100%;\" class=\"slide-1652 ms-image hidden_smartphone hidden_tablet \" aria-roledescription=\"slide\" data-date=\"2024-10-01 21:35:07\" data-filename=\"23_9056_orez.jpg\" data-slide-type=\"image\"><img loading=\"lazy\" decoding=\"async\" width=\"1355\" height=\"1017\" src=\"https:\/\/www.senseearth.live\/wp-content\/uploads\/2024\/10\/23_9056_orez.jpg\" class=\"slider-1645 slide-1652 msDefaultImage\" alt=\"\" rel=\"\" title=\"\" srcset=\"https:\/\/www.senseearth.live\/wp-content\/uploads\/2024\/10\/23_9056_orez.jpg 1355w, https:\/\/www.senseearth.live\/wp-content\/uploads\/2024\/10\/23_9056_orez-300x225.jpg 300w, https:\/\/www.senseearth.live\/wp-content\/uploads\/2024\/10\/23_9056_orez-1024x769.jpg 1024w, https:\/\/www.senseearth.live\/wp-content\/uploads\/2024\/10\/23_9056_orez-16x12.jpg 16w\" sizes=\"100vw\" \/><\/li>\n                <li style=\"display: none; width: 100%;\" class=\"slide-1661 ms-image hidden_smartphone hidden_tablet \" aria-roledescription=\"slide\" data-date=\"2024-10-01 21:40:21\" data-filename=\"23_8902_orez.jpg\" data-slide-type=\"image\"><img loading=\"lazy\" decoding=\"async\" width=\"1354\" height=\"1013\" src=\"https:\/\/www.senseearth.live\/wp-content\/uploads\/2024\/10\/23_8902_orez.jpg\" class=\"slider-1645 slide-1661 msDefaultImage\" alt=\"\" rel=\"\" title=\"\" srcset=\"https:\/\/www.senseearth.live\/wp-content\/uploads\/2024\/10\/23_8902_orez.jpg 1354w, https:\/\/www.senseearth.live\/wp-content\/uploads\/2024\/10\/23_8902_orez-300x224.jpg 300w, https:\/\/www.senseearth.live\/wp-content\/uploads\/2024\/10\/23_8902_orez-1024x766.jpg 1024w, https:\/\/www.senseearth.live\/wp-content\/uploads\/2024\/10\/23_8902_orez-16x12.jpg 16w\" sizes=\"100vw\" \/><\/li>\n                <li style=\"display: none; width: 100%;\" class=\"slide-1662 ms-image hidden_laptop hidden_desktop \" aria-roledescription=\"slide\" data-date=\"2024-10-01 21:40:21\" data-filename=\"23_8902_vysoka.jpg\" data-slide-type=\"image\"><img loading=\"lazy\" decoding=\"async\" width=\"1364\" height=\"1817\" src=\"https:\/\/www.senseearth.live\/wp-content\/uploads\/2024\/10\/23_8902_vysoka.jpg\" class=\"slider-1645 slide-1662 msDefaultImage\" alt=\"\" rel=\"\" title=\"\" srcset=\"https:\/\/www.senseearth.live\/wp-content\/uploads\/2024\/10\/23_8902_vysoka.jpg 1364w, https:\/\/www.senseearth.live\/wp-content\/uploads\/2024\/10\/23_8902_vysoka-225x300.jpg 225w, https:\/\/www.senseearth.live\/wp-content\/uploads\/2024\/10\/23_8902_vysoka-769x1024.jpg 769w, https:\/\/www.senseearth.live\/wp-content\/uploads\/2024\/10\/23_8902_vysoka-9x12.jpg 9w\" sizes=\"100vw\" \/><\/li>\n                <li style=\"display: none; width: 100%;\" class=\"slide-1663 ms-image hidden_smartphone hidden_tablet \" aria-roledescription=\"slide\" data-date=\"2024-10-01 21:41:44\" data-filename=\"20230404_114217-upr2-scaled.jpg\" data-slide-type=\"image\"><img loading=\"lazy\" decoding=\"async\" width=\"2560\" height=\"1923\" src=\"https:\/\/www.senseearth.live\/wp-content\/uploads\/2024\/09\/20230404_114217-upr2-scaled.jpg\" class=\"slider-1645 slide-1663 msDefaultImage\" alt=\"\" rel=\"\" title=\"\" srcset=\"https:\/\/www.senseearth.live\/wp-content\/uploads\/2024\/09\/20230404_114217-upr2-scaled.jpg 2560w, https:\/\/www.senseearth.live\/wp-content\/uploads\/2024\/09\/20230404_114217-upr2-300x225.jpg 300w, https:\/\/www.senseearth.live\/wp-content\/uploads\/2024\/09\/20230404_114217-upr2-1024x769.jpg 1024w, https:\/\/www.senseearth.live\/wp-content\/uploads\/2024\/09\/20230404_114217-upr2-2000x1503.jpg 2000w, https:\/\/www.senseearth.live\/wp-content\/uploads\/2024\/09\/20230404_114217-upr2-scaled-16x12.jpg 16w\" sizes=\"100vw\" \/><\/li>\n                <li style=\"display: none; width: 100%;\" class=\"slide-1665 ms-image hidden_laptop hidden_desktop \" aria-roledescription=\"slide\" data-date=\"2024-10-01 21:42:27\" data-filename=\"20230404_114217-upr_vysoka-scaled.jpg\" data-slide-type=\"image\"><img loading=\"lazy\" decoding=\"async\" width=\"1915\" height=\"2560\" src=\"https:\/\/www.senseearth.live\/wp-content\/uploads\/2024\/10\/20230404_114217-upr_vysoka-scaled.jpg\" class=\"slider-1645 slide-1665 msDefaultImage\" alt=\"\" rel=\"\" title=\"\" srcset=\"https:\/\/www.senseearth.live\/wp-content\/uploads\/2024\/10\/20230404_114217-upr_vysoka-scaled.jpg 1915w, https:\/\/www.senseearth.live\/wp-content\/uploads\/2024\/10\/20230404_114217-upr_vysoka-224x300.jpg 224w, https:\/\/www.senseearth.live\/wp-content\/uploads\/2024\/10\/20230404_114217-upr_vysoka-766x1024.jpg 766w, https:\/\/www.senseearth.live\/wp-content\/uploads\/2024\/10\/20230404_114217-upr_vysoka-2000x2674.jpg 2000w, https:\/\/www.senseearth.live\/wp-content\/uploads\/2024\/10\/20230404_114217-upr_vysoka-scaled-9x12.jpg 9w\" sizes=\"100vw\" \/><\/li>\n                <li style=\"display: none; width: 100%;\" class=\"slide-1666 ms-image hidden_laptop hidden_desktop \" aria-roledescription=\"slide\" data-date=\"2024-10-01 21:43:36\" data-filename=\"20240420_171133-upr-scaled.jpg\" data-slide-type=\"image\"><img loading=\"lazy\" decoding=\"async\" width=\"1915\" height=\"2560\" src=\"https:\/\/www.senseearth.live\/wp-content\/uploads\/2024\/09\/20240420_171133-upr-scaled.jpg\" class=\"slider-1645 slide-1666 msDefaultImage\" alt=\"\" rel=\"\" title=\"\" srcset=\"https:\/\/www.senseearth.live\/wp-content\/uploads\/2024\/09\/20240420_171133-upr-scaled.jpg 1915w, https:\/\/www.senseearth.live\/wp-content\/uploads\/2024\/09\/20240420_171133-upr-224x300.jpg 224w, https:\/\/www.senseearth.live\/wp-content\/uploads\/2024\/09\/20240420_171133-upr-766x1024.jpg 766w, https:\/\/www.senseearth.live\/wp-content\/uploads\/2024\/09\/20240420_171133-upr-2000x2674.jpg 2000w, https:\/\/www.senseearth.live\/wp-content\/uploads\/2024\/09\/20240420_171133-upr-scaled-9x12.jpg 9w\" sizes=\"100vw\" \/><\/li>\n                <li style=\"display: none; width: 100%;\" class=\"slide-1667 ms-image hidden_smartphone hidden_tablet \" aria-roledescription=\"slide\" data-date=\"2024-10-01 21:43:37\" data-filename=\"20240420_171133-upr2-scaled.jpg\" data-slide-type=\"image\"><img loading=\"lazy\" decoding=\"async\" width=\"2560\" height=\"1923\" src=\"https:\/\/www.senseearth.live\/wp-content\/uploads\/2024\/09\/20240420_171133-upr2-scaled.jpg\" class=\"slider-1645 slide-1667 msDefaultImage\" alt=\"\" rel=\"\" title=\"\" srcset=\"https:\/\/www.senseearth.live\/wp-content\/uploads\/2024\/09\/20240420_171133-upr2-scaled.jpg 2560w, https:\/\/www.senseearth.live\/wp-content\/uploads\/2024\/09\/20240420_171133-upr2-300x225.jpg 300w, https:\/\/www.senseearth.live\/wp-content\/uploads\/2024\/09\/20240420_171133-upr2-1024x769.jpg 1024w, https:\/\/www.senseearth.live\/wp-content\/uploads\/2024\/09\/20240420_171133-upr2-2000x1503.jpg 2000w, https:\/\/www.senseearth.live\/wp-content\/uploads\/2024\/09\/20240420_171133-upr2-scaled-16x12.jpg 16w\" sizes=\"100vw\" \/><\/li>\n                <li style=\"display: none; width: 100%;\" class=\"slide-2382 ms-image hidden_smartphone hidden_tablet \" aria-roledescription=\"slide\" data-date=\"2025-10-14 15:06:26\" data-filename=\"20250215_154204_43_h.jpg\" data-slide-type=\"image\"><img loading=\"lazy\" decoding=\"async\" width=\"1968\" height=\"1483\" src=\"https:\/\/www.senseearth.live\/wp-content\/uploads\/2025\/10\/20250215_154204_43_h.jpg\" class=\"slider-1645 slide-2382 msDefaultImage\" alt=\"\" rel=\"\" title=\"\" srcset=\"https:\/\/www.senseearth.live\/wp-content\/uploads\/2025\/10\/20250215_154204_43_h.jpg 1968w, https:\/\/www.senseearth.live\/wp-content\/uploads\/2025\/10\/20250215_154204_43_h-300x226.jpg 300w, https:\/\/www.senseearth.live\/wp-content\/uploads\/2025\/10\/20250215_154204_43_h-1024x772.jpg 1024w, https:\/\/www.senseearth.live\/wp-content\/uploads\/2025\/10\/20250215_154204_43_h-16x12.jpg 16w\" sizes=\"100vw\" \/><\/li>\n                <li style=\"display: none; width: 100%;\" class=\"slide-2383 ms-image hidden_laptop hidden_desktop \" aria-roledescription=\"slide\" data-date=\"2025-10-14 15:06:26\" data-filename=\"20250215_154204_43.jpg\" data-slide-type=\"image\"><img loading=\"lazy\" decoding=\"async\" width=\"1909\" height=\"2560\" src=\"https:\/\/www.senseearth.live\/wp-content\/uploads\/2025\/10\/20250215_154204_43.jpg\" class=\"slider-1645 slide-2383 msDefaultImage\" alt=\"\" rel=\"\" title=\"\" srcset=\"https:\/\/www.senseearth.live\/wp-content\/uploads\/2025\/10\/20250215_154204_43.jpg 1909w, https:\/\/www.senseearth.live\/wp-content\/uploads\/2025\/10\/20250215_154204_43-224x300.jpg 224w, https:\/\/www.senseearth.live\/wp-content\/uploads\/2025\/10\/20250215_154204_43-764x1024.jpg 764w, https:\/\/www.senseearth.live\/wp-content\/uploads\/2025\/10\/20250215_154204_43-9x12.jpg 9w\" sizes=\"100vw\" \/><\/li>\n                <li style=\"display: none; width: 100%;\" class=\"slide-2386 ms-image hidden_laptop hidden_desktop \" aria-roledescription=\"slide\" data-date=\"2025-10-14 15:11:15\" data-filename=\"20240126_143952.jpg\" data-slide-type=\"image\"><img loading=\"lazy\" decoding=\"async\" width=\"1915\" height=\"2560\" src=\"https:\/\/www.senseearth.live\/wp-content\/uploads\/2025\/10\/20240126_143952.jpg\" class=\"slider-1645 slide-2386 msDefaultImage\" alt=\"\" rel=\"\" title=\"\" srcset=\"https:\/\/www.senseearth.live\/wp-content\/uploads\/2025\/10\/20240126_143952.jpg 1915w, https:\/\/www.senseearth.live\/wp-content\/uploads\/2025\/10\/20240126_143952-224x300.jpg 224w, https:\/\/www.senseearth.live\/wp-content\/uploads\/2025\/10\/20240126_143952-766x1024.jpg 766w, https:\/\/www.senseearth.live\/wp-content\/uploads\/2025\/10\/20240126_143952-9x12.jpg 9w\" sizes=\"100vw\" \/><\/li>\n                <li style=\"display: none; width: 100%;\" class=\"slide-2387 ms-image hidden_smartphone hidden_tablet \" aria-roledescription=\"slide\" data-date=\"2025-10-14 15:11:15\" data-filename=\"20240126_143952_h.jpg\" data-slide-type=\"image\"><img loading=\"lazy\" decoding=\"async\" width=\"2560\" height=\"1926\" src=\"https:\/\/www.senseearth.live\/wp-content\/uploads\/2025\/10\/20240126_143952_h.jpg\" class=\"slider-1645 slide-2387 msDefaultImage\" alt=\"\" rel=\"\" title=\"\" srcset=\"https:\/\/www.senseearth.live\/wp-content\/uploads\/2025\/10\/20240126_143952_h.jpg 2560w, https:\/\/www.senseearth.live\/wp-content\/uploads\/2025\/10\/20240126_143952_h-300x226.jpg 300w, https:\/\/www.senseearth.live\/wp-content\/uploads\/2025\/10\/20240126_143952_h-1024x770.jpg 1024w, https:\/\/www.senseearth.live\/wp-content\/uploads\/2025\/10\/20240126_143952_h-2000x1505.jpg 2000w, https:\/\/www.senseearth.live\/wp-content\/uploads\/2025\/10\/20240126_143952_h-16x12.jpg 16w\" sizes=\"100vw\" \/><\/li>\n            <\/ul>\n        <\/div>\n        \n    <\/div>\n<\/div>\n<\/div>\n<\/div>\n\n\n\n<div class=\"wp-block-group has-global-padding is-layout-constrained wp-block-group-is-layout-constrained\">\n<p class=\"has-text-color has-background has-link-color has-medium-font-size wp-elements-6e50468923b2d9d9cf346d3017abdbf0\" style=\"color:#180802;background-color:#dfcba4;padding-top:var(--wp--preset--spacing--x-small);padding-bottom:var(--wp--preset--spacing--x-small);line-height:1.6\">From little kingdoms of little people, like fairies and dwarfs, to much larger and more powerful realms of guardians of different places, all the way to a sphere which I like to call the Intelligence of the Earth, or Gaia. I started to notice specific patterns in the landscapes, unusual rock formations, trees that were somewhat different than those around, or spaces with slightly different light or temperature. One of the most important moments in my life was around my 41st birthday, when the voice of my higher self directed me to a cave in Crete, where I went through an initiation that connected me deeply with the heart of Gaia and helped me remember my mission here on Earth. My mission is to facilitate connection of human consciousness with the consciousness of the Earth and elementary beings.&nbsp;<\/p>\n\n\n\n<p class=\"has-text-color has-background has-link-color has-medium-font-size wp-elements-b3119e0ed9ba751d3aff6c0b1306d837\" style=\"color:#180802;background-color:#dfcba4;padding-top:var(--wp--preset--spacing--x-small);padding-bottom:var(--wp--preset--spacing--x-small);line-height:1.6\">Together with my family I am based between Ibiza and Slovakia, in both places organising retreats, individual sessions and land activations. With my wife Lucia Unia we work with couples, helping them to drop deeper into the sacredness of a relationship.<\/p>\n\n\n\n<div class=\"wp-block-buttons is-horizontal is-content-justification-center is-layout-flex wp-container-core-buttons-layout-1 wp-block-buttons-is-layout-flex\">\n<div class=\"wp-block-button has-custom-font-size is-style-fill has-small-font-size\"><a class=\"wp-block-button__link has-white-color has-text-color has-background has-link-color has-text-align-right wp-element-button\" href=\"https:\/\/www.senseearth.live\/contact-2\" style=\"border-style:none;border-width:0px;border-radius:16px;background-color:#4dc1ff;padding-top:var(--wp--preset--spacing--x-small);padding-right:var(--wp--preset--spacing--x-small);padding-bottom:var(--wp--preset--spacing--x-small);padding-left:var(--wp--preset--spacing--x-small)\">GET IN TOUCH<\/a><\/div>\n<\/div>\n\n\n\n<div style=\"height:24px\" aria-hidden=\"true\" class=\"wp-block-spacer\"><\/div>\n<\/div>\n<\/div>\n\n\n\n<div class=\"wp-block-group alignfull is-layout-flow wp-container-core-group-layout-4 wp-block-group-is-layout-flow\" id=\"cover\" style=\"margin-top:0px;margin-bottom:0px\"><\/div>\n\n\n\n<p> <\/p>\n","protected":false},"excerpt":{"rendered":"<p>ABOUT ME My name is Tom\u00e1\u0161 Bu\u017eek and for more than 20 years I have lived in tight connection with the nature. The land where I have lived (on top of a hill in slovakian mountains) has been one of my greatest teachers. Over the years it has been slowly revealing its secrets to me, &hellip; <\/p>\n<p class=\"link-more\"><a href=\"https:\/\/www.senseearth.live\/en\/about-earth-spirit-connection\/\" class=\"more-link\">Read more<span class=\"screen-reader-text\"> &#8220;About&#8221;<\/span><\/a><\/p>\n","protected":false},"author":1,"featured_media":0,"parent":0,"menu_order":0,"comment_status":"closed","ping_status":"closed","template":"page-templates\/full-width-transparent.php","meta":{"_monsterinsights_skip_tracking":false,"_monsterinsights_sitenote_active":false,"_monsterinsights_sitenote_note":"","_monsterinsights_sitenote_category":0,"footnotes":""},"yoast_head":"<!-- This site is optimized with the Yoast SEO plugin v21.8.1 - https:\/\/yoast.com\/wordpress\/plugins\/seo\/ -->\n<title>Earth Spirit connection<\/title>\n<meta name=\"description\" content=\"Sense Earth is a living bridge between humans and Earth spirit. Sacred hikes, deep nature connection and ancestral remembrance experiences.\" \/>\n<meta name=\"robots\" content=\"index, follow, max-snippet:-1, max-image-preview:large, max-video-preview:-1\" \/>\n<link rel=\"canonical\" href=\"https:\/\/www.senseearth.live\/en\/about-earth-spirit-connection\/\" \/>\n<meta property=\"og:locale\" content=\"en_GB\" \/>\n<meta property=\"og:type\" content=\"article\" \/>\n<meta property=\"og:title\" content=\"Earth Spirit connection\" \/>\n<meta property=\"og:description\" content=\"Sense Earth is a living bridge between humans and Earth spirit. Sacred hikes, deep nature connection and ancestral remembrance experiences.\" \/>\n<meta property=\"og:url\" content=\"https:\/\/www.senseearth.live\/en\/about-earth-spirit-connection\/\" \/>\n<meta property=\"og:site_name\" content=\"Sense Earth\" \/>\n<meta property=\"article:modified_time\" content=\"2026-01-28T16:39:28+00:00\" \/>\n<meta name=\"twitter:card\" content=\"summary_large_image\" \/>\n<meta name=\"twitter:label1\" content=\"Estimated reading time\" \/>\n\t<meta name=\"twitter:data1\" content=\"2 minutes\" \/>\n<script type=\"application\/ld+json\" class=\"yoast-schema-graph\">{\"@context\":\"https:\/\/schema.org\",\"@graph\":[{\"@type\":\"WebPage\",\"@id\":\"https:\/\/www.senseearth.live\/about-earth-spirit-connection\/\",\"url\":\"https:\/\/www.senseearth.live\/about-earth-spirit-connection\/\",\"name\":\"Earth Spirit connection\",\"isPartOf\":{\"@id\":\"https:\/\/www.senseearth.live\/#website\"},\"datePublished\":\"2024-01-23T15:11:33+00:00\",\"dateModified\":\"2026-01-28T16:39:28+00:00\",\"description\":\"Sense Earth is a living bridge between humans and Earth spirit. Sacred hikes, deep nature connection and ancestral remembrance experiences.\",\"breadcrumb\":{\"@id\":\"https:\/\/www.senseearth.live\/about-earth-spirit-connection\/#breadcrumb\"},\"inLanguage\":\"en-GB\",\"potentialAction\":[{\"@type\":\"ReadAction\",\"target\":[\"https:\/\/www.senseearth.live\/about-earth-spirit-connection\/\"]}]},{\"@type\":\"BreadcrumbList\",\"@id\":\"https:\/\/www.senseearth.live\/about-earth-spirit-connection\/#breadcrumb\",\"itemListElement\":[{\"@type\":\"ListItem\",\"position\":1,\"name\":\"Home\",\"item\":\"https:\/\/www.senseearth.live\/\"},{\"@type\":\"ListItem\",\"position\":2,\"name\":\"About\"}]},{\"@type\":\"WebSite\",\"@id\":\"https:\/\/www.senseearth.live\/#website\",\"url\":\"https:\/\/www.senseearth.live\/\",\"name\":\"Sense Earth\",\"description\":\"\",\"publisher\":{\"@id\":\"https:\/\/www.senseearth.live\/#organization\"},\"potentialAction\":[{\"@type\":\"SearchAction\",\"target\":{\"@type\":\"EntryPoint\",\"urlTemplate\":\"https:\/\/www.senseearth.live\/?s={search_term_string}\"},\"query-input\":\"required name=search_term_string\"}],\"inLanguage\":\"en-GB\"},{\"@type\":\"Organization\",\"@id\":\"https:\/\/www.senseearth.live\/#organization\",\"name\":\"Sense Earth\",\"url\":\"https:\/\/www.senseearth.live\/\",\"logo\":{\"@type\":\"ImageObject\",\"inLanguage\":\"en-GB\",\"@id\":\"https:\/\/www.senseearth.live\/#\/schema\/logo\/image\/\",\"url\":\"https:\/\/www.senseearth.live\/wp-content\/uploads\/2024\/10\/cropped-cropped-cropped-sense-earth_transparent_invert_all.png\",\"contentUrl\":\"https:\/\/www.senseearth.live\/wp-content\/uploads\/2024\/10\/cropped-cropped-cropped-sense-earth_transparent_invert_all.png\",\"width\":377,\"height\":109,\"caption\":\"Sense Earth\"},\"image\":{\"@id\":\"https:\/\/www.senseearth.live\/#\/schema\/logo\/image\/\"}}]}<\/script>\n<!-- \/ Yoast SEO plugin. -->","yoast_head_json":{"title":"Earth Spirit connection","description":"Sense Earth is a living bridge between humans and Earth spirit. Sacred hikes, deep nature connection and ancestral remembrance experiences.","robots":{"index":"index","follow":"follow","max-snippet":"max-snippet:-1","max-image-preview":"max-image-preview:large","max-video-preview":"max-video-preview:-1"},"canonical":"https:\/\/www.senseearth.live\/en\/about-earth-spirit-connection\/","og_locale":"en_GB","og_type":"article","og_title":"Earth Spirit connection","og_description":"Sense Earth is a living bridge between humans and Earth spirit. Sacred hikes, deep nature connection and ancestral remembrance experiences.","og_url":"https:\/\/www.senseearth.live\/en\/about-earth-spirit-connection\/","og_site_name":"Sense Earth","article_modified_time":"2026-01-28T16:39:28+00:00","twitter_card":"summary_large_image","twitter_misc":{"Estimated reading time":"2 minutes"},"schema":{"@context":"https:\/\/schema.org","@graph":[{"@type":"WebPage","@id":"https:\/\/www.senseearth.live\/about-earth-spirit-connection\/","url":"https:\/\/www.senseearth.live\/about-earth-spirit-connection\/","name":"Earth Spirit connection","isPartOf":{"@id":"https:\/\/www.senseearth.live\/#website"},"datePublished":"2024-01-23T15:11:33+00:00","dateModified":"2026-01-28T16:39:28+00:00","description":"Sense Earth is a living bridge between humans and Earth spirit. Sacred hikes, deep nature connection and ancestral remembrance experiences.","breadcrumb":{"@id":"https:\/\/www.senseearth.live\/about-earth-spirit-connection\/#breadcrumb"},"inLanguage":"en-GB","potentialAction":[{"@type":"ReadAction","target":["https:\/\/www.senseearth.live\/about-earth-spirit-connection\/"]}]},{"@type":"BreadcrumbList","@id":"https:\/\/www.senseearth.live\/about-earth-spirit-connection\/#breadcrumb","itemListElement":[{"@type":"ListItem","position":1,"name":"Home","item":"https:\/\/www.senseearth.live\/"},{"@type":"ListItem","position":2,"name":"About"}]},{"@type":"WebSite","@id":"https:\/\/www.senseearth.live\/#website","url":"https:\/\/www.senseearth.live\/","name":"Sense Earth","description":"","publisher":{"@id":"https:\/\/www.senseearth.live\/#organization"},"potentialAction":[{"@type":"SearchAction","target":{"@type":"EntryPoint","urlTemplate":"https:\/\/www.senseearth.live\/?s={search_term_string}"},"query-input":"required name=search_term_string"}],"inLanguage":"en-GB"},{"@type":"Organization","@id":"https:\/\/www.senseearth.live\/#organization","name":"Sense Earth","url":"https:\/\/www.senseearth.live\/","logo":{"@type":"ImageObject","inLanguage":"en-GB","@id":"https:\/\/www.senseearth.live\/#\/schema\/logo\/image\/","url":"https:\/\/www.senseearth.live\/wp-content\/uploads\/2024\/10\/cropped-cropped-cropped-sense-earth_transparent_invert_all.png","contentUrl":"https:\/\/www.senseearth.live\/wp-content\/uploads\/2024\/10\/cropped-cropped-cropped-sense-earth_transparent_invert_all.png","width":377,"height":109,"caption":"Sense Earth"},"image":{"@id":"https:\/\/www.senseearth.live\/#\/schema\/logo\/image\/"}}]}},"_links":{"self":[{"href":"https:\/\/www.senseearth.live\/en\/wp-json\/wp\/v2\/pages\/73"}],"collection":[{"href":"https:\/\/www.senseearth.live\/en\/wp-json\/wp\/v2\/pages"}],"about":[{"href":"https:\/\/www.senseearth.live\/en\/wp-json\/wp\/v2\/types\/page"}],"author":[{"embeddable":true,"href":"https:\/\/www.senseearth.live\/en\/wp-json\/wp\/v2\/users\/1"}],"replies":[{"embeddable":true,"href":"https:\/\/www.senseearth.live\/en\/wp-json\/wp\/v2\/comments?post=73"}],"version-history":[{"count":5,"href":"https:\/\/www.senseearth.live\/en\/wp-json\/wp\/v2\/pages\/73\/revisions"}],"predecessor-version":[{"id":1980,"href":"https:\/\/www.senseearth.live\/en\/wp-json\/wp\/v2\/pages\/73\/revisions\/1980"}],"wp:attachment":[{"href":"https:\/\/www.senseearth.live\/en\/wp-json\/wp\/v2\/media?parent=73"}],"curies":[{"name":"wp","href":"https:\/\/api.w.org\/{rel}","templated":true}]}}